{"id":606,"date":"2022-03-03T13:00:06","date_gmt":"2022-03-03T12:00:06","guid":{"rendered":"https:\/\/demosites.io\/recipes-blog\/?page_id=597"},"modified":"2025-01-18T18:37:56","modified_gmt":"2025-01-18T17:37:56","slug":"inicio","status":"publish","type":"page","link":"https:\/\/altiemar.es\/gl\/","title":{"rendered":"Inicio"},"content":{"rendered":"<div data-elementor-type=\"wp-page\" data-elementor-id=\"606\" class=\"elementor elementor-606\">\n\t\t\t\t<div class=\"elementor-element elementor-element-35dd794 e-flex e-con-boxed e-con e-parent\" data-id=\"35dd794\" data-element_type=\"container\">\n\t\t\t\t\t<div class=\"e-con-inner\">\n\t\t<div class=\"elementor-element elementor-element-17c87ab e-con-full e-flex e-con e-child\" data-id=\"17c87ab\" data-element_type=\"container\">\n\t\t<div class=\"elementor-element elementor-element-0ea9a7d e-con-full e-flex e-con e-child\" data-id=\"0ea9a7d\" data-element_type=\"container\">\n\t\t\t\t<div class=\"elementor-element elementor-element-35076d2 elementor-widget elementor-widget-image\" data-id=\"35076d2\" data-element_type=\"widget\" data-widget_type=\"image.default\">\n\t\t\t\t<div class=\"elementor-widget-container\">\n\t\t\t\t\t\t\t\t\t\t\t\t\t\t\t<img fetchpriority=\"high\" decoding=\"async\" width=\"1920\" height=\"1440\" src=\"https:\/\/altiemar.es\/wp-content\/uploads\/2023\/11\/octopus-315285_1920.jpg\" class=\"attachment-full size-full wp-image-657\" alt=\"\" srcset=\"https:\/\/altiemar.es\/wp-content\/uploads\/2023\/11\/octopus-315285_1920.jpg 1920w, https:\/\/altiemar.es\/wp-content\/uploads\/2023\/11\/octopus-315285_1920-300x225.jpg 300w, https:\/\/altiemar.es\/wp-content\/uploads\/2023\/11\/octopus-315285_1920-1024x768.jpg 1024w, https:\/\/altiemar.es\/wp-content\/uploads\/2023\/11\/octopus-315285_1920-768x576.jpg 768w, https:\/\/altiemar.es\/wp-content\/uploads\/2023\/11\/octopus-315285_1920-1536x1152.jpg 1536w, https:\/\/altiemar.es\/wp-content\/uploads\/2023\/11\/octopus-315285_1920-16x12.jpg 16w, https:\/\/altiemar.es\/wp-content\/uploads\/2023\/11\/octopus-315285_1920-750x563.jpg 750w, https:\/\/altiemar.es\/wp-content\/uploads\/2023\/11\/octopus-315285_1920-500x375.jpg 500w\" sizes=\"(max-width: 1920px) 100vw, 1920px\" \/>\t\t\t\t\t\t\t\t\t\t\t\t\t\t\t<\/div>\n\t\t\t\t<\/div>\n\t\t\t\t<\/div>\n\t\t<div class=\"elementor-element elementor-element-0df43e0 e-con-full e-flex e-con e-child\" data-id=\"0df43e0\" data-element_type=\"container\">\n\t\t\t\t<div class=\"elementor-element elementor-element-6ada90e elementor-widget elementor-widget-text-editor\" data-id=\"6ada90e\" data-element_type=\"widget\" data-widget_type=\"text-editor.default\">\n\t\t\t\t<div class=\"elementor-widget-container\">\n\t\t\t\t\t\t\t\t\t<h1>Conxelados de excelencia<\/h1>\t\t\t\t\t\t\t\t<\/div>\n\t\t\t\t<\/div>\n\t\t\t\t<div class=\"elementor-element elementor-element-d7b4d8b elementor-widget elementor-widget-text-editor\" data-id=\"d7b4d8b\" data-element_type=\"widget\" data-widget_type=\"text-editor.default\">\n\t\t\t\t<div class=\"elementor-widget-container\">\n\t\t\t\t\t\t\t\t\t<p>Todos os produtos que ofrecemos pasaron por rigorosos est\u00e1ndares de control de calidade para garantir a frescura, o sabor e a nutrici\u00f3n. <br \/>Traballamos con provedores de confianza e empregamos pr\u00e1cticas de almacenamento e distribuci\u00f3n que garanten a integridade dos nosos alimentos conxelados.<\/p>\t\t\t\t\t\t\t\t<\/div>\n\t\t\t\t<\/div>\n\t\t\t\t<\/div>\n\t\t\t\t<\/div>\n\t\t<div class=\"elementor-element elementor-element-5d66cfe e-con-full e-flex e-con e-child\" data-id=\"5d66cfe\" data-element_type=\"container\">\n\t\t<div class=\"elementor-element elementor-element-681c450 e-con-full e-flex e-con e-child\" data-id=\"681c450\" data-element_type=\"container\">\n\t\t\t\t<div class=\"elementor-element elementor-element-d26fb8e elementor-widget elementor-widget-heading\" data-id=\"d26fb8e\" data-element_type=\"widget\" data-widget_type=\"heading.default\">\n\t\t\t\t<div class=\"elementor-widget-container\">\n\t\t\t\t\t<h1 class=\"elementor-heading-title elementor-size-default\">A frescura que transforma a t\u00faa mesa<\/h1>\t\t\t\t<\/div>\n\t\t\t\t<\/div>\n\t\t\t\t<div class=\"elementor-element elementor-element-fe9a968 elementor-widget elementor-widget-heading\" data-id=\"fe9a968\" data-element_type=\"widget\" data-widget_type=\"heading.default\">\n\t\t\t\t<div class=\"elementor-widget-container\">\n\t\t\t\t\t<div class=\"elementor-heading-title elementor-size-default\">En Altiemar, estamos orgullosos de ofrecer unha ampla gama de produtos conxelados premium, avalados por anos de experiencia no sector. Como maioristas con s\u00f3lidas bases no sector, apostamos por ofrecer aos nosos clientes produtos da m\u00e1xima calidade e un servizo excepcional.\n\n<\/div>\t\t\t\t<\/div>\n\t\t\t\t<\/div>\n\t\t\t\t<\/div>\n\t\t<div class=\"elementor-element elementor-element-aef32b9 e-con-full e-flex e-con e-child\" data-id=\"aef32b9\" data-element_type=\"container\">\n\t\t\t\t<div class=\"elementor-element elementor-element-af48829 elementor-widget elementor-widget-image\" data-id=\"af48829\" data-element_type=\"widget\" data-widget_type=\"image.default\">\n\t\t\t\t<div class=\"elementor-widget-container\">\n\t\t\t\t\t\t\t\t\t\t\t\t\t\t\t<img decoding=\"async\" width=\"1920\" height=\"1280\" src=\"https:\/\/altiemar.es\/wp-content\/uploads\/2023\/11\/mussels-419052_1920.jpg\" class=\"attachment-full size-full wp-image-672\" alt=\"\" srcset=\"https:\/\/altiemar.es\/wp-content\/uploads\/2023\/11\/mussels-419052_1920.jpg 1920w, https:\/\/altiemar.es\/wp-content\/uploads\/2023\/11\/mussels-419052_1920-300x200.jpg 300w, https:\/\/altiemar.es\/wp-content\/uploads\/2023\/11\/mussels-419052_1920-1024x683.jpg 1024w, https:\/\/altiemar.es\/wp-content\/uploads\/2023\/11\/mussels-419052_1920-768x512.jpg 768w, https:\/\/altiemar.es\/wp-content\/uploads\/2023\/11\/mussels-419052_1920-1536x1024.jpg 1536w, https:\/\/altiemar.es\/wp-content\/uploads\/2023\/11\/mussels-419052_1920-18x12.jpg 18w, https:\/\/altiemar.es\/wp-content\/uploads\/2023\/11\/mussels-419052_1920-750x500.jpg 750w, https:\/\/altiemar.es\/wp-content\/uploads\/2023\/11\/mussels-419052_1920-930x620.jpg 930w\" sizes=\"(max-width: 1920px) 100vw, 1920px\" \/>\t\t\t\t\t\t\t\t\t\t\t\t\t\t\t<\/div>\n\t\t\t\t<\/div>\n\t\t\t\t<\/div>\n\t\t\t\t<\/div>\n\t\t\t\t\t<\/div>\n\t\t\t\t<\/div>\n\t\t\t\t<\/div>","protected":false},"excerpt":{"rendered":"<p>Congelados de excelencia Cada producto que ofrecemos ha pasado por rigurosos est\u00e1ndares de control de calidad para garantizar la frescura, sabor y nutrici\u00f3n. Trabajamos con proveedores confiables y empleamos pr\u00e1cticas de almacenamiento y distribuci\u00f3n que aseguran la integridad de nuestros alimentos congelados. La frescura que transforma tu mesa En Altiemar, nos enorgullecemos de ofrecer una&hellip;&nbsp;<\/p>\n<div class=\"read-more-wrapper\"><a href=\"https:\/\/altiemar.es\/gl\/\" class=\"button button-primary\" rel=\"bookmark\">Read More<span class=\"screen-reader-text\">Inicio<\/span><\/a><\/div>","protected":false},"author":1,"featured_media":653,"parent":0,"menu_order":0,"comment_status":"closed","ping_status":"closed","template":"page-templates\/template-pagebuilder-full-width.php","meta":{"neve_meta_sidebar":"","neve_meta_container":"","neve_meta_enable_content_width":"","neve_meta_content_width":0,"neve_meta_title_alignment":"","neve_meta_author_avatar":"","neve_post_elements_order":"","neve_meta_disable_header":"","neve_meta_disable_footer":"","neve_meta_disable_title":"on","neve_meta_reading_time":"","_ti_tpc_template_sync":false,"_ti_tpc_template_id":"vcvvuuqyvlcfqudc8nrz","footnotes":""},"yoast_head":"<!-- This site is optimized with the Yoast SEO plugin v21.5 - https:\/\/yoast.com\/wordpress\/plugins\/seo\/ -->\n<title>Inicio - Altiemar<\/title>\n<meta name=\"description\" content=\"Congelados de calidad, m\u00e1xima excelencia para tu hogar, negocio o asociaci\u00f3n. Transportamos a toda la provincia de A Coru\u00f1a\" \/>\n<meta name=\"robots\" content=\"index, follow, max-snippet:-1, max-image-preview:large, max-video-preview:-1\" \/>\n<link rel=\"canonical\" href=\"https:\/\/altiemar.es\/gl\/\" \/>\n<meta property=\"og:locale\" content=\"gl_ES\" \/>\n<meta property=\"og:type\" content=\"article\" \/>\n<meta property=\"og:title\" content=\"Inicio - Altiemar\" \/>\n<meta property=\"og:description\" content=\"Congelados de calidad, m\u00e1xima excelencia para tu hogar, negocio o asociaci\u00f3n. Transportamos a toda la provincia de A Coru\u00f1a\" \/>\n<meta property=\"og:url\" content=\"https:\/\/altiemar.es\/gl\/\" \/>\n<meta property=\"og:site_name\" content=\"Altiemar\" \/>\n<meta property=\"article:modified_time\" content=\"2025-01-18T17:37:56+00:00\" \/>\n<meta property=\"og:image\" content=\"http:\/\/altiemar.es\/wp-content\/uploads\/2023\/11\/seafood-165220_1920.jpg\" \/>\n\t<meta property=\"og:image:width\" content=\"1920\" \/>\n\t<meta property=\"og:image:height\" content=\"1280\" \/>\n\t<meta property=\"og:image:type\" content=\"image\/jpeg\" \/>\n<meta name=\"twitter:card\" content=\"summary_large_image\" \/>\n<meta name=\"twitter:label1\" content=\"Tempo de lectura\" \/>\n\t<meta name=\"twitter:data1\" content=\"1 minuto\" \/>\n<script type=\"application\/ld+json\" class=\"yoast-schema-graph\">{\"@context\":\"https:\/\/schema.org\",\"@graph\":[{\"@type\":\"WebPage\",\"@id\":\"https:\/\/altiemar.es\/\",\"url\":\"https:\/\/altiemar.es\/\",\"name\":\"Inicio - Altiemar\",\"isPartOf\":{\"@id\":\"https:\/\/altiemar.es\/#website\"},\"datePublished\":\"2022-03-03T12:00:06+00:00\",\"dateModified\":\"2025-01-18T17:37:56+00:00\",\"description\":\"Congelados de calidad, m\u00e1xima excelencia para tu hogar, negocio o asociaci\u00f3n. Transportamos a toda la provincia de A Coru\u00f1a\",\"breadcrumb\":{\"@id\":\"https:\/\/altiemar.es\/#breadcrumb\"},\"inLanguage\":\"gl-ES\",\"potentialAction\":[{\"@type\":\"ReadAction\",\"target\":[\"https:\/\/altiemar.es\/\"]}]},{\"@type\":\"BreadcrumbList\",\"@id\":\"https:\/\/altiemar.es\/#breadcrumb\",\"itemListElement\":[{\"@type\":\"ListItem\",\"position\":1,\"name\":\"Portada\",\"item\":\"https:\/\/altiemar.es\/\"},{\"@type\":\"ListItem\",\"position\":2,\"name\":\"Inicio\"}]},{\"@type\":\"WebSite\",\"@id\":\"https:\/\/altiemar.es\/#website\",\"url\":\"https:\/\/altiemar.es\/\",\"name\":\"Altiemar\",\"description\":\"\",\"publisher\":{\"@id\":\"https:\/\/altiemar.es\/#organization\"},\"potentialAction\":[{\"@type\":\"SearchAction\",\"target\":{\"@type\":\"EntryPoint\",\"urlTemplate\":\"https:\/\/altiemar.es\/?s={search_term_string}\"},\"query-input\":\"required name=search_term_string\"}],\"inLanguage\":\"gl-ES\"},{\"@type\":\"Organization\",\"@id\":\"https:\/\/altiemar.es\/#organization\",\"name\":\"Congelados Terra do Xallas, SLU.\",\"url\":\"https:\/\/altiemar.es\/\",\"logo\":{\"@type\":\"ImageObject\",\"inLanguage\":\"gl-ES\",\"@id\":\"https:\/\/altiemar.es\/#\/schema\/logo\/image\/\",\"url\":\"https:\/\/altiemar.es\/wp-content\/uploads\/2020\/12\/neve-vacation-logo-1.png\",\"contentUrl\":\"https:\/\/altiemar.es\/wp-content\/uploads\/2020\/12\/neve-vacation-logo-1.png\",\"width\":200,\"height\":235,\"caption\":\"Congelados Terra do Xallas, SLU.\"},\"image\":{\"@id\":\"https:\/\/altiemar.es\/#\/schema\/logo\/image\/\"}}]}<\/script>\n<!-- \/ Yoast SEO plugin. -->","yoast_head_json":{"title":"Inicio - Altiemar","description":"Congelados de calidad, m\u00e1xima excelencia para tu hogar, negocio o asociaci\u00f3n. Transportamos a toda la provincia de A Coru\u00f1a","robots":{"index":"index","follow":"follow","max-snippet":"max-snippet:-1","max-image-preview":"max-image-preview:large","max-video-preview":"max-video-preview:-1"},"canonical":"https:\/\/altiemar.es\/gl\/","og_locale":"gl_ES","og_type":"article","og_title":"Inicio - Altiemar","og_description":"Congelados de calidad, m\u00e1xima excelencia para tu hogar, negocio o asociaci\u00f3n. Transportamos a toda la provincia de A Coru\u00f1a","og_url":"https:\/\/altiemar.es\/gl\/","og_site_name":"Altiemar","article_modified_time":"2025-01-18T17:37:56+00:00","og_image":[{"width":1920,"height":1280,"url":"http:\/\/altiemar.es\/wp-content\/uploads\/2023\/11\/seafood-165220_1920.jpg","type":"image\/jpeg"}],"twitter_card":"summary_large_image","twitter_misc":{"Tempo de lectura":"1 minuto"},"schema":{"@context":"https:\/\/schema.org","@graph":[{"@type":"WebPage","@id":"https:\/\/altiemar.es\/","url":"https:\/\/altiemar.es\/","name":"Inicio - Altiemar","isPartOf":{"@id":"https:\/\/altiemar.es\/#website"},"datePublished":"2022-03-03T12:00:06+00:00","dateModified":"2025-01-18T17:37:56+00:00","description":"Congelados de calidad, m\u00e1xima excelencia para tu hogar, negocio o asociaci\u00f3n. Transportamos a toda la provincia de A Coru\u00f1a","breadcrumb":{"@id":"https:\/\/altiemar.es\/#breadcrumb"},"inLanguage":"gl-ES","potentialAction":[{"@type":"ReadAction","target":["https:\/\/altiemar.es\/"]}]},{"@type":"BreadcrumbList","@id":"https:\/\/altiemar.es\/#breadcrumb","itemListElement":[{"@type":"ListItem","position":1,"name":"Portada","item":"https:\/\/altiemar.es\/"},{"@type":"ListItem","position":2,"name":"Inicio"}]},{"@type":"WebSite","@id":"https:\/\/altiemar.es\/#website","url":"https:\/\/altiemar.es\/","name":"Altiemar","description":"","publisher":{"@id":"https:\/\/altiemar.es\/#organization"},"potentialAction":[{"@type":"SearchAction","target":{"@type":"EntryPoint","urlTemplate":"https:\/\/altiemar.es\/?s={search_term_string}"},"query-input":"required name=search_term_string"}],"inLanguage":"gl-ES"},{"@type":"Organization","@id":"https:\/\/altiemar.es\/#organization","name":"Congelados Terra do Xallas, SLU.","url":"https:\/\/altiemar.es\/","logo":{"@type":"ImageObject","inLanguage":"gl-ES","@id":"https:\/\/altiemar.es\/#\/schema\/logo\/image\/","url":"https:\/\/altiemar.es\/wp-content\/uploads\/2020\/12\/neve-vacation-logo-1.png","contentUrl":"https:\/\/altiemar.es\/wp-content\/uploads\/2020\/12\/neve-vacation-logo-1.png","width":200,"height":235,"caption":"Congelados Terra do Xallas, SLU."},"image":{"@id":"https:\/\/altiemar.es\/#\/schema\/logo\/image\/"}}]}},"_links":{"self":[{"href":"https:\/\/altiemar.es\/gl\/wp-json\/wp\/v2\/pages\/606"}],"collection":[{"href":"https:\/\/altiemar.es\/gl\/wp-json\/wp\/v2\/pages"}],"about":[{"href":"https:\/\/altiemar.es\/gl\/wp-json\/wp\/v2\/types\/page"}],"author":[{"embeddable":true,"href":"https:\/\/altiemar.es\/gl\/wp-json\/wp\/v2\/users\/1"}],"replies":[{"embeddable":true,"href":"https:\/\/altiemar.es\/gl\/wp-json\/wp\/v2\/comments?post=606"}],"version-history":[{"count":44,"href":"https:\/\/altiemar.es\/gl\/wp-json\/wp\/v2\/pages\/606\/revisions"}],"predecessor-version":[{"id":713,"href":"https:\/\/altiemar.es\/gl\/wp-json\/wp\/v2\/pages\/606\/revisions\/713"}],"wp:featuredmedia":[{"embeddable":true,"href":"https:\/\/altiemar.es\/gl\/wp-json\/wp\/v2\/media\/653"}],"wp:attachment":[{"href":"https:\/\/altiemar.es\/gl\/wp-json\/wp\/v2\/media?parent=606"}],"curies":[{"name":"wp","href":"https:\/\/api.w.org\/{rel}","templated":true}]}}