{"id":597,"date":"2022-02-12T12:33:40","date_gmt":"2022-02-12T11:33:40","guid":{"rendered":"https:\/\/demosites.io\/recipes-blog\/?page_id=593"},"modified":"2025-01-18T18:38:13","modified_gmt":"2025-01-18T17:38:13","slug":"contacto","status":"publish","type":"page","link":"https:\/\/altiemar.es\/gl\/contacto\/","title":{"rendered":"Contacto"},"content":{"rendered":"<div data-elementor-type=\"wp-page\" data-elementor-id=\"597\" class=\"elementor elementor-597\">\n\t\t\t\t\t\t<section class=\"elementor-section elementor-top-section elementor-element elementor-element-21cba3b elementor-section-height-min-height elementor-section-boxed elementor-section-height-default elementor-section-items-middle\" data-id=\"21cba3b\" data-element_type=\"section\" data-settings=\"{&quot;background_background&quot;:&quot;classic&quot;}\">\n\t\t\t\t\t\t\t<div class=\"elementor-background-overlay\"><\/div>\n\t\t\t\t\t\t\t<div class=\"elementor-container elementor-column-gap-default\">\n\t\t\t\t\t<div class=\"elementor-column elementor-col-100 elementor-top-column elementor-element elementor-element-52d9169\" data-id=\"52d9169\" data-element_type=\"column\">\n\t\t\t<div class=\"elementor-widget-wrap elementor-element-populated\">\n\t\t\t\t\t\t<section class=\"elementor-section elementor-inner-section elementor-element elementor-element-7d04cc1 elementor-section-boxed elementor-section-height-default elementor-section-height-default\" data-id=\"7d04cc1\" data-element_type=\"section\">\n\t\t\t\t\t\t<div class=\"elementor-container elementor-column-gap-default\">\n\t\t\t\t\t<div class=\"elementor-column elementor-col-100 elementor-inner-column elementor-element elementor-element-a5bb991\" data-id=\"a5bb991\" data-element_type=\"column\">\n\t\t\t<div class=\"elementor-widget-wrap elementor-element-populated\">\n\t\t\t\t\t\t<div class=\"elementor-element elementor-element-53e2411 elementor-widget elementor-widget-heading\" data-id=\"53e2411\" data-element_type=\"widget\" data-widget_type=\"heading.default\">\n\t\t\t\t<div class=\"elementor-widget-container\">\n\t\t\t\t\t<h1 class=\"elementor-heading-title elementor-size-default\">Contacto<\/h1>\t\t\t\t<\/div>\n\t\t\t\t<\/div>\n\t\t\t\t\t<\/div>\n\t\t<\/div>\n\t\t\t\t\t<\/div>\n\t\t<\/section>\n\t\t\t\t\t<\/div>\n\t\t<\/div>\n\t\t\t\t\t<\/div>\n\t\t<\/section>\n\t\t\t\t<section class=\"elementor-section elementor-top-section elementor-element elementor-element-3596936 elementor-section-content-middle elementor-section-boxed elementor-section-height-default elementor-section-height-default\" data-id=\"3596936\" data-element_type=\"section\" data-settings=\"{&quot;background_background&quot;:&quot;classic&quot;}\">\n\t\t\t\t\t\t<div class=\"elementor-container elementor-column-gap-default\">\n\t\t\t\t\t<div class=\"elementor-column elementor-col-50 elementor-top-column elementor-element elementor-element-22cc921\" data-id=\"22cc921\" data-element_type=\"column\">\n\t\t\t<div class=\"elementor-widget-wrap elementor-element-populated\">\n\t\t\t\t\t\t<div class=\"elementor-element elementor-element-183c5c1 elementor-widget elementor-widget-image\" data-id=\"183c5c1\" data-element_type=\"widget\" data-widget_type=\"image.default\">\n\t\t\t\t<div class=\"elementor-widget-container\">\n\t\t\t\t\t\t\t\t\t\t\t\t\t\t\t<img fetchpriority=\"high\" decoding=\"async\" width=\"768\" height=\"1024\" src=\"https:\/\/altiemar.es\/wp-content\/uploads\/2023\/11\/sunset-5165887-768x1024.jpg\" class=\"attachment-large size-large wp-image-634\" alt=\"\" srcset=\"https:\/\/altiemar.es\/wp-content\/uploads\/2023\/11\/sunset-5165887-768x1023.jpg 768w, https:\/\/altiemar.es\/wp-content\/uploads\/2023\/11\/sunset-5165887-225x300.jpg 225w, https:\/\/altiemar.es\/wp-content\/uploads\/2023\/11\/sunset-5165887-1153x1536.jpg 1153w, https:\/\/altiemar.es\/wp-content\/uploads\/2023\/11\/sunset-5165887-1537x2048.jpg 1537w, https:\/\/altiemar.es\/wp-content\/uploads\/2023\/11\/sunset-5165887-9x12.jpg 9w, https:\/\/altiemar.es\/wp-content\/uploads\/2023\/11\/sunset-5165887-750x999.jpg 750w, https:\/\/altiemar.es\/wp-content\/uploads\/2023\/11\/sunset-5165887-scaled.jpg 1921w\" sizes=\"(max-width: 768px) 100vw, 768px\" \/>\t\t\t\t\t\t\t\t\t\t\t\t\t\t\t<\/div>\n\t\t\t\t<\/div>\n\t\t\t\t\t<\/div>\n\t\t<\/div>\n\t\t\t\t<div class=\"elementor-column elementor-col-50 elementor-top-column elementor-element elementor-element-76e9229\" data-id=\"76e9229\" data-element_type=\"column\">\n\t\t\t<div class=\"elementor-widget-wrap elementor-element-populated\">\n\t\t\t\t\t\t<div class=\"elementor-element elementor-element-9b8f59f elementor-widget elementor-widget-heading\" data-id=\"9b8f59f\" data-element_type=\"widget\" data-widget_type=\"heading.default\">\n\t\t\t\t<div class=\"elementor-widget-container\">\n\t\t\t\t\t<span class=\"elementor-heading-title elementor-size-default\">Ola!. Grazas polo interese. Se queres contactar connosco, env\u00edame unha mensaxe a trav\u00e9s do formulario.<\/span>\t\t\t\t<\/div>\n\t\t\t\t<\/div>\n\t\t\t\t<div class=\"elementor-element elementor-element-17035f9 elementor-widget elementor-widget-heading\" data-id=\"17035f9\" data-element_type=\"widget\" data-widget_type=\"heading.default\">\n\t\t\t\t<div class=\"elementor-widget-container\">\n\t\t\t\t\t<h2 class=\"elementor-heading-title elementor-size-default\">Contacta connosco<\/h2>\t\t\t\t<\/div>\n\t\t\t\t<\/div>\n\t\t\t\t\t<\/div>\n\t\t<\/div>\n\t\t\t\t\t<\/div>\n\t\t<\/section>\n\t\t\t\t<\/div>","protected":false},"excerpt":{"rendered":"<p>Contacto Hola!. Gracias por el inter\u00e9s. Si quieres contactar con nosotros env\u00edame un mensaje a trav\u00e9s del formulario. Contacta con nosotros Nombre * Email * Mensaje * Enviar<\/p>","protected":false},"author":1,"featured_media":653,"parent":0,"menu_order":0,"comment_status":"closed","ping_status":"closed","template":"page-templates\/template-pagebuilder-full-width.php","meta":{"neve_meta_sidebar":"","neve_meta_container":"","neve_meta_enable_content_width":"","neve_meta_content_width":0,"neve_meta_title_alignment":"","neve_meta_author_avatar":"","neve_post_elements_order":"","neve_meta_disable_header":"","neve_meta_disable_footer":"","neve_meta_disable_title":"on","neve_meta_reading_time":"","_ti_tpc_template_sync":false,"_ti_tpc_template_id":"8fqo9axuyddjewgoxxt6","footnotes":""},"yoast_head":"<!-- This site is optimized with the Yoast SEO plugin v21.5 - https:\/\/yoast.com\/wordpress\/plugins\/seo\/ -->\n<title>Contacto - Altiemar<\/title>\n<meta name=\"description\" content=\"Congelados de calidad, m\u00e1xima excelencia para tu hogar, negocio o asociaci\u00f3n. Transportamos a toda la provincia de A Coru\u00f1a\" \/>\n<meta name=\"robots\" content=\"index, follow, max-snippet:-1, max-image-preview:large, max-video-preview:-1\" \/>\n<link rel=\"canonical\" href=\"https:\/\/altiemar.es\/gl\/contacto\/\" \/>\n<meta property=\"og:locale\" content=\"gl_ES\" \/>\n<meta property=\"og:type\" content=\"article\" \/>\n<meta property=\"og:title\" content=\"Contacto - Altiemar\" \/>\n<meta property=\"og:description\" content=\"Congelados de calidad, m\u00e1xima excelencia para tu hogar, negocio o asociaci\u00f3n. Transportamos a toda la provincia de A Coru\u00f1a\" \/>\n<meta property=\"og:url\" content=\"https:\/\/altiemar.es\/gl\/contacto\/\" \/>\n<meta property=\"og:site_name\" content=\"Altiemar\" \/>\n<meta property=\"article:modified_time\" content=\"2025-01-18T17:38:13+00:00\" \/>\n<meta property=\"og:image\" content=\"http:\/\/altiemar.es\/wp-content\/uploads\/2023\/11\/seafood-165220_1920.jpg\" \/>\n\t<meta property=\"og:image:width\" content=\"1920\" \/>\n\t<meta property=\"og:image:height\" content=\"1280\" \/>\n\t<meta property=\"og:image:type\" content=\"image\/jpeg\" \/>\n<meta name=\"twitter:card\" content=\"summary_large_image\" \/>\n<meta name=\"twitter:label1\" content=\"Tempo de lectura\" \/>\n\t<meta name=\"twitter:data1\" content=\"1 minuto\" \/>\n<script type=\"application\/ld+json\" class=\"yoast-schema-graph\">{\"@context\":\"https:\/\/schema.org\",\"@graph\":[{\"@type\":\"WebPage\",\"@id\":\"https:\/\/altiemar.es\/contacto\/\",\"url\":\"https:\/\/altiemar.es\/contacto\/\",\"name\":\"Contacto - Altiemar\",\"isPartOf\":{\"@id\":\"https:\/\/altiemar.es\/#website\"},\"datePublished\":\"2022-02-12T11:33:40+00:00\",\"dateModified\":\"2025-01-18T17:38:13+00:00\",\"description\":\"Congelados de calidad, m\u00e1xima excelencia para tu hogar, negocio o asociaci\u00f3n. Transportamos a toda la provincia de A Coru\u00f1a\",\"breadcrumb\":{\"@id\":\"https:\/\/altiemar.es\/contacto\/#breadcrumb\"},\"inLanguage\":\"gl-ES\",\"potentialAction\":[{\"@type\":\"ReadAction\",\"target\":[\"https:\/\/altiemar.es\/contacto\/\"]}]},{\"@type\":\"BreadcrumbList\",\"@id\":\"https:\/\/altiemar.es\/contacto\/#breadcrumb\",\"itemListElement\":[{\"@type\":\"ListItem\",\"position\":1,\"name\":\"Portada\",\"item\":\"https:\/\/altiemar.es\/\"},{\"@type\":\"ListItem\",\"position\":2,\"name\":\"Contacto\"}]},{\"@type\":\"WebSite\",\"@id\":\"https:\/\/altiemar.es\/#website\",\"url\":\"https:\/\/altiemar.es\/\",\"name\":\"Altiemar\",\"description\":\"\",\"publisher\":{\"@id\":\"https:\/\/altiemar.es\/#organization\"},\"potentialAction\":[{\"@type\":\"SearchAction\",\"target\":{\"@type\":\"EntryPoint\",\"urlTemplate\":\"https:\/\/altiemar.es\/?s={search_term_string}\"},\"query-input\":\"required name=search_term_string\"}],\"inLanguage\":\"gl-ES\"},{\"@type\":\"Organization\",\"@id\":\"https:\/\/altiemar.es\/#organization\",\"name\":\"Congelados Terra do Xallas, SLU.\",\"url\":\"https:\/\/altiemar.es\/\",\"logo\":{\"@type\":\"ImageObject\",\"inLanguage\":\"gl-ES\",\"@id\":\"https:\/\/altiemar.es\/#\/schema\/logo\/image\/\",\"url\":\"https:\/\/altiemar.es\/wp-content\/uploads\/2020\/12\/neve-vacation-logo-1.png\",\"contentUrl\":\"https:\/\/altiemar.es\/wp-content\/uploads\/2020\/12\/neve-vacation-logo-1.png\",\"width\":200,\"height\":235,\"caption\":\"Congelados Terra do Xallas, SLU.\"},\"image\":{\"@id\":\"https:\/\/altiemar.es\/#\/schema\/logo\/image\/\"}}]}<\/script>\n<!-- \/ Yoast SEO plugin. -->","yoast_head_json":{"title":"Contacto - Altiemar","description":"Congelados de calidad, m\u00e1xima excelencia para tu hogar, negocio o asociaci\u00f3n. Transportamos a toda la provincia de A Coru\u00f1a","robots":{"index":"index","follow":"follow","max-snippet":"max-snippet:-1","max-image-preview":"max-image-preview:large","max-video-preview":"max-video-preview:-1"},"canonical":"https:\/\/altiemar.es\/gl\/contacto\/","og_locale":"gl_ES","og_type":"article","og_title":"Contacto - Altiemar","og_description":"Congelados de calidad, m\u00e1xima excelencia para tu hogar, negocio o asociaci\u00f3n. Transportamos a toda la provincia de A Coru\u00f1a","og_url":"https:\/\/altiemar.es\/gl\/contacto\/","og_site_name":"Altiemar","article_modified_time":"2025-01-18T17:38:13+00:00","og_image":[{"width":1920,"height":1280,"url":"http:\/\/altiemar.es\/wp-content\/uploads\/2023\/11\/seafood-165220_1920.jpg","type":"image\/jpeg"}],"twitter_card":"summary_large_image","twitter_misc":{"Tempo de lectura":"1 minuto"},"schema":{"@context":"https:\/\/schema.org","@graph":[{"@type":"WebPage","@id":"https:\/\/altiemar.es\/contacto\/","url":"https:\/\/altiemar.es\/contacto\/","name":"Contacto - Altiemar","isPartOf":{"@id":"https:\/\/altiemar.es\/#website"},"datePublished":"2022-02-12T11:33:40+00:00","dateModified":"2025-01-18T17:38:13+00:00","description":"Congelados de calidad, m\u00e1xima excelencia para tu hogar, negocio o asociaci\u00f3n. Transportamos a toda la provincia de A Coru\u00f1a","breadcrumb":{"@id":"https:\/\/altiemar.es\/contacto\/#breadcrumb"},"inLanguage":"gl-ES","potentialAction":[{"@type":"ReadAction","target":["https:\/\/altiemar.es\/contacto\/"]}]},{"@type":"BreadcrumbList","@id":"https:\/\/altiemar.es\/contacto\/#breadcrumb","itemListElement":[{"@type":"ListItem","position":1,"name":"Portada","item":"https:\/\/altiemar.es\/"},{"@type":"ListItem","position":2,"name":"Contacto"}]},{"@type":"WebSite","@id":"https:\/\/altiemar.es\/#website","url":"https:\/\/altiemar.es\/","name":"Altiemar","description":"","publisher":{"@id":"https:\/\/altiemar.es\/#organization"},"potentialAction":[{"@type":"SearchAction","target":{"@type":"EntryPoint","urlTemplate":"https:\/\/altiemar.es\/?s={search_term_string}"},"query-input":"required name=search_term_string"}],"inLanguage":"gl-ES"},{"@type":"Organization","@id":"https:\/\/altiemar.es\/#organization","name":"Congelados Terra do Xallas, SLU.","url":"https:\/\/altiemar.es\/","logo":{"@type":"ImageObject","inLanguage":"gl-ES","@id":"https:\/\/altiemar.es\/#\/schema\/logo\/image\/","url":"https:\/\/altiemar.es\/wp-content\/uploads\/2020\/12\/neve-vacation-logo-1.png","contentUrl":"https:\/\/altiemar.es\/wp-content\/uploads\/2020\/12\/neve-vacation-logo-1.png","width":200,"height":235,"caption":"Congelados Terra do Xallas, SLU."},"image":{"@id":"https:\/\/altiemar.es\/#\/schema\/logo\/image\/"}}]}},"_links":{"self":[{"href":"https:\/\/altiemar.es\/gl\/wp-json\/wp\/v2\/pages\/597"}],"collection":[{"href":"https:\/\/altiemar.es\/gl\/wp-json\/wp\/v2\/pages"}],"about":[{"href":"https:\/\/altiemar.es\/gl\/wp-json\/wp\/v2\/types\/page"}],"author":[{"embeddable":true,"href":"https:\/\/altiemar.es\/gl\/wp-json\/wp\/v2\/users\/1"}],"replies":[{"embeddable":true,"href":"https:\/\/altiemar.es\/gl\/wp-json\/wp\/v2\/comments?post=597"}],"version-history":[{"count":20,"href":"https:\/\/altiemar.es\/gl\/wp-json\/wp\/v2\/pages\/597\/revisions"}],"predecessor-version":[{"id":714,"href":"https:\/\/altiemar.es\/gl\/wp-json\/wp\/v2\/pages\/597\/revisions\/714"}],"wp:featuredmedia":[{"embeddable":true,"href":"https:\/\/altiemar.es\/gl\/wp-json\/wp\/v2\/media\/653"}],"wp:attachment":[{"href":"https:\/\/altiemar.es\/gl\/wp-json\/wp\/v2\/media?parent=597"}],"curies":[{"name":"wp","href":"https:\/\/api.w.org\/{rel}","templated":true}]}}