{"id":596,"date":"2022-02-12T12:33:24","date_gmt":"2022-02-12T11:33:24","guid":{"rendered":"https:\/\/demosites.io\/recipes-blog\/?page_id=592"},"modified":"2025-01-18T18:38:41","modified_gmt":"2025-01-18T17:38:41","slug":"sobre_nosotros","status":"publish","type":"page","link":"https:\/\/altiemar.es\/gl\/sobre_nosotros\/","title":{"rendered":"Sobre n\u00f3s"},"content":{"rendered":"<div data-elementor-type=\"wp-page\" data-elementor-id=\"596\" class=\"elementor elementor-596\">\n\t\t\t\t\t\t<section class=\"elementor-section elementor-top-section elementor-element elementor-element-3e3cae9 elementor-section-height-min-height elementor-section-boxed elementor-section-height-default elementor-section-items-middle\" data-id=\"3e3cae9\" data-element_type=\"section\" data-settings=\"{&quot;background_background&quot;:&quot;classic&quot;}\">\n\t\t\t\t\t\t\t<div class=\"elementor-background-overlay\"><\/div>\n\t\t\t\t\t\t\t<div class=\"elementor-container elementor-column-gap-default\">\n\t\t\t\t\t<div class=\"elementor-column elementor-col-100 elementor-top-column elementor-element elementor-element-ff67b91\" data-id=\"ff67b91\" data-element_type=\"column\">\n\t\t\t<div class=\"elementor-widget-wrap elementor-element-populated\">\n\t\t\t\t\t\t<section class=\"elementor-section elementor-inner-section elementor-element elementor-element-894cae9 elementor-section-boxed elementor-section-height-default elementor-section-height-default\" data-id=\"894cae9\" data-element_type=\"section\">\n\t\t\t\t\t\t<div class=\"elementor-container elementor-column-gap-default\">\n\t\t\t\t\t<div class=\"elementor-column elementor-col-100 elementor-inner-column elementor-element elementor-element-4501b66\" data-id=\"4501b66\" data-element_type=\"column\">\n\t\t\t<div class=\"elementor-widget-wrap elementor-element-populated\">\n\t\t\t\t\t\t<div class=\"elementor-element elementor-element-a7b2056 elementor-widget elementor-widget-heading\" data-id=\"a7b2056\" data-element_type=\"widget\" data-widget_type=\"heading.default\">\n\t\t\t\t<div class=\"elementor-widget-container\">\n\t\t\t\t\t<h1 class=\"elementor-heading-title elementor-size-default\">SOBRE N\u00d3S<\/h1>\t\t\t\t<\/div>\n\t\t\t\t<\/div>\n\t\t\t\t\t<\/div>\n\t\t<\/div>\n\t\t\t\t\t<\/div>\n\t\t<\/section>\n\t\t\t\t\t<\/div>\n\t\t<\/div>\n\t\t\t\t\t<\/div>\n\t\t<\/section>\n\t\t\t\t<section class=\"elementor-section elementor-top-section elementor-element elementor-element-2e61890 elementor-section-boxed elementor-section-height-default elementor-section-height-default\" data-id=\"2e61890\" data-element_type=\"section\" data-settings=\"{&quot;background_background&quot;:&quot;classic&quot;}\">\n\t\t\t\t\t\t<div class=\"elementor-container elementor-column-gap-default\">\n\t\t\t\t\t<div class=\"elementor-column elementor-col-100 elementor-top-column elementor-element elementor-element-cf8667f\" data-id=\"cf8667f\" data-element_type=\"column\">\n\t\t\t<div class=\"elementor-widget-wrap elementor-element-populated\">\n\t\t\t\t\t\t<section class=\"elementor-section elementor-inner-section elementor-element elementor-element-1d1c39f elementor-section-content-middle elementor-reverse-mobile elementor-section-boxed elementor-section-height-default elementor-section-height-default\" data-id=\"1d1c39f\" data-element_type=\"section\">\n\t\t\t\t\t\t<div class=\"elementor-container elementor-column-gap-default\">\n\t\t\t\t\t<div class=\"elementor-column elementor-col-50 elementor-inner-column elementor-element elementor-element-08d619b\" data-id=\"08d619b\" data-element_type=\"column\" data-settings=\"{&quot;background_background&quot;:&quot;classic&quot;}\">\n\t\t\t<div class=\"elementor-widget-wrap elementor-element-populated\">\n\t\t\t\t\t\t<div class=\"elementor-element elementor-element-0bda0a3 elementor-widget elementor-widget-heading\" data-id=\"0bda0a3\" data-element_type=\"widget\" data-widget_type=\"heading.default\">\n\t\t\t\t<div class=\"elementor-widget-container\">\n\t\t\t\t\t<h2 class=\"elementor-heading-title elementor-size-default\">Experiencia e Compromiso<\/h2>\t\t\t\t<\/div>\n\t\t\t\t<\/div>\n\t\t\t\t<div class=\"elementor-element elementor-element-0aafdc3 elementor-widget elementor-widget-text-editor\" data-id=\"0aafdc3\" data-element_type=\"widget\" data-widget_type=\"text-editor.default\">\n\t\t\t\t<div class=\"elementor-widget-container\">\n\t\t\t\t\t\t\t\t\t<p>A nosa experiencia no sector proporcionounos unha perspectiva \u00fanica das necesidades do mercado. Compromet\u00e9monos a manter altos est\u00e1ndares en cada etapa da cadea de subministraci\u00f3n para garantir a frescura, calidade e diversidade dos nosos produtos conxelados.<\/p>\t\t\t\t\t\t\t\t<\/div>\n\t\t\t\t<\/div>\n\t\t\t\t\t<\/div>\n\t\t<\/div>\n\t\t\t\t<div class=\"elementor-column elementor-col-50 elementor-inner-column elementor-element elementor-element-ce29d7b\" data-id=\"ce29d7b\" data-element_type=\"column\">\n\t\t\t<div class=\"elementor-widget-wrap elementor-element-populated\">\n\t\t\t\t\t\t<div class=\"elementor-element elementor-element-b5dd70e elementor-widget elementor-widget-image\" data-id=\"b5dd70e\" data-element_type=\"widget\" data-widget_type=\"image.default\">\n\t\t\t\t<div class=\"elementor-widget-container\">\n\t\t\t\t\t\t\t\t\t\t\t\t\t\t\t<img fetchpriority=\"high\" decoding=\"async\" width=\"1024\" height=\"683\" src=\"https:\/\/altiemar.es\/wp-content\/uploads\/2023\/11\/seafood-165220_1920-1024x683.jpg\" class=\"attachment-large size-large wp-image-653\" alt=\"\" srcset=\"https:\/\/altiemar.es\/wp-content\/uploads\/2023\/11\/seafood-165220_1920-1024x683.jpg 1024w, https:\/\/altiemar.es\/wp-content\/uploads\/2023\/11\/seafood-165220_1920-300x200.jpg 300w, https:\/\/altiemar.es\/wp-content\/uploads\/2023\/11\/seafood-165220_1920-768x512.jpg 768w, https:\/\/altiemar.es\/wp-content\/uploads\/2023\/11\/seafood-165220_1920-1536x1024.jpg 1536w, https:\/\/altiemar.es\/wp-content\/uploads\/2023\/11\/seafood-165220_1920-18x12.jpg 18w, https:\/\/altiemar.es\/wp-content\/uploads\/2023\/11\/seafood-165220_1920-750x500.jpg 750w, https:\/\/altiemar.es\/wp-content\/uploads\/2023\/11\/seafood-165220_1920-930x620.jpg 930w, https:\/\/altiemar.es\/wp-content\/uploads\/2023\/11\/seafood-165220_1920.jpg 1920w\" sizes=\"(max-width: 1024px) 100vw, 1024px\" \/>\t\t\t\t\t\t\t\t\t\t\t\t\t\t\t<\/div>\n\t\t\t\t<\/div>\n\t\t\t\t\t<\/div>\n\t\t<\/div>\n\t\t\t\t\t<\/div>\n\t\t<\/section>\n\t\t\t\t<div class=\"elementor-element elementor-element-0958ea0 elementor-widget elementor-widget-spacer\" data-id=\"0958ea0\" data-element_type=\"widget\" data-widget_type=\"spacer.default\">\n\t\t\t\t<div class=\"elementor-widget-container\">\n\t\t\t\t\t\t\t<div class=\"elementor-spacer\">\n\t\t\t<div class=\"elementor-spacer-inner\"><\/div>\n\t\t<\/div>\n\t\t\t\t\t\t<\/div>\n\t\t\t\t<\/div>\n\t\t\t\t<section class=\"elementor-section elementor-inner-section elementor-element elementor-element-5b32924 elementor-section-content-middle elementor-section-boxed elementor-section-height-default elementor-section-height-default\" data-id=\"5b32924\" data-element_type=\"section\" data-settings=\"{&quot;background_background&quot;:&quot;classic&quot;}\">\n\t\t\t\t\t\t<div class=\"elementor-container elementor-column-gap-default\">\n\t\t\t\t\t<div class=\"elementor-column elementor-col-50 elementor-inner-column elementor-element elementor-element-87e366d\" data-id=\"87e366d\" data-element_type=\"column\">\n\t\t\t<div class=\"elementor-widget-wrap elementor-element-populated\">\n\t\t\t\t\t\t<div class=\"elementor-element elementor-element-67cbfb7 elementor-widget elementor-widget-image\" data-id=\"67cbfb7\" data-element_type=\"widget\" data-widget_type=\"image.default\">\n\t\t\t\t<div class=\"elementor-widget-container\">\n\t\t\t\t\t\t\t\t\t\t\t\t\t\t\t<img decoding=\"async\" width=\"1024\" height=\"768\" src=\"https:\/\/altiemar.es\/wp-content\/uploads\/2023\/11\/fishes-422543-1024x768.jpg\" class=\"attachment-large size-large wp-image-652\" alt=\"\" srcset=\"https:\/\/altiemar.es\/wp-content\/uploads\/2023\/11\/fishes-422543-1024x768.jpg 1024w, https:\/\/altiemar.es\/wp-content\/uploads\/2023\/11\/fishes-422543-300x225.jpg 300w, https:\/\/altiemar.es\/wp-content\/uploads\/2023\/11\/fishes-422543-768x576.jpg 768w, https:\/\/altiemar.es\/wp-content\/uploads\/2023\/11\/fishes-422543-1536x1152.jpg 1536w, https:\/\/altiemar.es\/wp-content\/uploads\/2023\/11\/fishes-422543-2048x1536.jpg 2048w, https:\/\/altiemar.es\/wp-content\/uploads\/2023\/11\/fishes-422543-16x12.jpg 16w, https:\/\/altiemar.es\/wp-content\/uploads\/2023\/11\/fishes-422543-750x563.jpg 750w, https:\/\/altiemar.es\/wp-content\/uploads\/2023\/11\/fishes-422543-500x375.jpg 500w\" sizes=\"(max-width: 1024px) 100vw, 1024px\" \/>\t\t\t\t\t\t\t\t\t\t\t\t\t\t\t<\/div>\n\t\t\t\t<\/div>\n\t\t\t\t\t<\/div>\n\t\t<\/div>\n\t\t\t\t<div class=\"elementor-column elementor-col-50 elementor-inner-column elementor-element elementor-element-e8e66a1\" data-id=\"e8e66a1\" data-element_type=\"column\" data-settings=\"{&quot;background_background&quot;:&quot;classic&quot;}\">\n\t\t\t<div class=\"elementor-widget-wrap elementor-element-populated\">\n\t\t\t\t\t\t<div class=\"elementor-element elementor-element-2ebf8f4 elementor-widget elementor-widget-heading\" data-id=\"2ebf8f4\" data-element_type=\"widget\" data-widget_type=\"heading.default\">\n\t\t\t\t<div class=\"elementor-widget-container\">\n\t\t\t\t\t<h2 class=\"elementor-heading-title elementor-size-default\">Variedade e Calidade<\/h2>\t\t\t\t<\/div>\n\t\t\t\t<\/div>\n\t\t\t\t<div class=\"elementor-element elementor-element-f160ece elementor-widget elementor-widget-text-editor\" data-id=\"f160ece\" data-element_type=\"widget\" data-widget_type=\"text-editor.default\">\n\t\t\t\t<div class=\"elementor-widget-container\">\n\t\t\t\t\t\t\t\t\t<p>Explora a nosa ampla gama de alimentos conxelados, desde peixes e mariscos frescos ata vexetais seleccionados e produtos c\u00e1rnicos premium. O noso cat\u00e1logo ofrece unha diversidade que se adapta \u00e1s necesidades de restaurantes, hoteis, tendas, etc.<\/p>\t\t\t\t\t\t\t\t<\/div>\n\t\t\t\t<\/div>\n\t\t\t\t\t<\/div>\n\t\t<\/div>\n\t\t\t\t\t<\/div>\n\t\t<\/section>\n\t\t\t\t<div class=\"elementor-element elementor-element-fba0e34 elementor-widget elementor-widget-spacer\" data-id=\"fba0e34\" data-element_type=\"widget\" data-widget_type=\"spacer.default\">\n\t\t\t\t<div class=\"elementor-widget-container\">\n\t\t\t\t\t\t\t<div class=\"elementor-spacer\">\n\t\t\t<div class=\"elementor-spacer-inner\"><\/div>\n\t\t<\/div>\n\t\t\t\t\t\t<\/div>\n\t\t\t\t<\/div>\n\t\t\t\t\t<\/div>\n\t\t<\/div>\n\t\t\t\t\t<\/div>\n\t\t<\/section>\n\t\t\t\t<section class=\"elementor-section elementor-top-section elementor-element elementor-element-590b098 elementor-section-boxed elementor-section-height-default elementor-section-height-default\" data-id=\"590b098\" data-element_type=\"section\" data-settings=\"{&quot;background_background&quot;:&quot;classic&quot;}\">\n\t\t\t\t\t\t<div class=\"elementor-container elementor-column-gap-default\">\n\t\t\t\t\t<div class=\"elementor-column elementor-col-33 elementor-top-column elementor-element elementor-element-8b4fc3a\" data-id=\"8b4fc3a\" data-element_type=\"column\" data-settings=\"{&quot;background_background&quot;:&quot;classic&quot;}\">\n\t\t\t<div class=\"elementor-widget-wrap elementor-element-populated\">\n\t\t\t\t\t\t<div class=\"elementor-element elementor-element-733d30b elementor-widget elementor-widget-spacer\" data-id=\"733d30b\" data-element_type=\"widget\" data-widget_type=\"spacer.default\">\n\t\t\t\t<div class=\"elementor-widget-container\">\n\t\t\t\t\t\t\t<div class=\"elementor-spacer\">\n\t\t\t<div class=\"elementor-spacer-inner\"><\/div>\n\t\t<\/div>\n\t\t\t\t\t\t<\/div>\n\t\t\t\t<\/div>\n\t\t\t\t\t<\/div>\n\t\t<\/div>\n\t\t\t\t<div class=\"elementor-column elementor-col-33 elementor-top-column elementor-element elementor-element-d1ea09a\" data-id=\"d1ea09a\" data-element_type=\"column\" data-settings=\"{&quot;background_background&quot;:&quot;classic&quot;}\">\n\t\t\t<div class=\"elementor-widget-wrap elementor-element-populated\">\n\t\t\t\t\t\t<div class=\"elementor-element elementor-element-55aa3fe elementor-widget elementor-widget-spacer\" data-id=\"55aa3fe\" data-element_type=\"widget\" data-widget_type=\"spacer.default\">\n\t\t\t\t<div class=\"elementor-widget-container\">\n\t\t\t\t\t\t\t<div class=\"elementor-spacer\">\n\t\t\t<div class=\"elementor-spacer-inner\"><\/div>\n\t\t<\/div>\n\t\t\t\t\t\t<\/div>\n\t\t\t\t<\/div>\n\t\t\t\t\t<\/div>\n\t\t<\/div>\n\t\t\t\t<div class=\"elementor-column elementor-col-33 elementor-top-column elementor-element elementor-element-1d025a1\" data-id=\"1d025a1\" data-element_type=\"column\" data-settings=\"{&quot;background_background&quot;:&quot;classic&quot;}\">\n\t\t\t<div class=\"elementor-widget-wrap elementor-element-populated\">\n\t\t\t\t\t\t<div class=\"elementor-element elementor-element-881641a elementor-widget elementor-widget-spacer\" data-id=\"881641a\" data-element_type=\"widget\" data-widget_type=\"spacer.default\">\n\t\t\t\t<div class=\"elementor-widget-container\">\n\t\t\t\t\t\t\t<div class=\"elementor-spacer\">\n\t\t\t<div class=\"elementor-spacer-inner\"><\/div>\n\t\t<\/div>\n\t\t\t\t\t\t<\/div>\n\t\t\t\t<\/div>\n\t\t\t\t\t<\/div>\n\t\t<\/div>\n\t\t\t\t\t<\/div>\n\t\t<\/section>\n\t\t\t\t<\/div>","protected":false},"excerpt":{"rendered":"<p>SOBRE NOSOTROS Experiencia y Compromiso Nuestra experiencia en el sector nos ha brindado una perspectiva \u00fanica sobre las necesidades del mercado. Estamos comprometidos a mantener altos est\u00e1ndares en cada etapa de la cadena de suministro para garantizar la frescura, calidad y diversidad de nuestros productos congelados. Variedad y Calidad Explora nuestra amplia gama de alimentos&hellip;&nbsp;<\/p>\n<div class=\"read-more-wrapper\"><a href=\"https:\/\/altiemar.es\/gl\/sobre_nosotros\/\" class=\"button button-primary\" rel=\"bookmark\">Read More<span class=\"screen-reader-text\">Sobre n\u00f3s<\/span><\/a><\/div>","protected":false},"author":1,"featured_media":657,"parent":0,"menu_order":0,"comment_status":"closed","ping_status":"closed","template":"","meta":{"neve_meta_sidebar":"","neve_meta_container":"","neve_meta_enable_content_width":"","neve_meta_content_width":0,"neve_meta_title_alignment":"","neve_meta_author_avatar":"","neve_post_elements_order":"","neve_meta_disable_header":"","neve_meta_disable_footer":"","neve_meta_disable_title":"on","neve_meta_reading_time":"","_ti_tpc_template_sync":false,"_ti_tpc_template_id":"afs8sovbrhtldgpr1frx","footnotes":""},"yoast_head":"<!-- This site is optimized with the Yoast SEO plugin v21.5 - https:\/\/yoast.com\/wordpress\/plugins\/seo\/ -->\n<title>Sobre nosotros - Altiemar<\/title>\n<meta name=\"description\" content=\"Congelados de calidad, m\u00e1xima excelencia para tu hogar, negocio o asociaci\u00f3n. Transportamos a toda la provincia de A Coru\u00f1a\" \/>\n<meta name=\"robots\" content=\"index, follow, max-snippet:-1, max-image-preview:large, max-video-preview:-1\" \/>\n<link rel=\"canonical\" href=\"https:\/\/altiemar.es\/gl\/sobre_nosotros\/\" \/>\n<meta property=\"og:locale\" content=\"gl_ES\" \/>\n<meta property=\"og:type\" content=\"article\" \/>\n<meta property=\"og:title\" content=\"Sobre nosotros - Altiemar\" \/>\n<meta property=\"og:description\" content=\"Congelados de calidad, m\u00e1xima excelencia para tu hogar, negocio o asociaci\u00f3n. Transportamos a toda la provincia de A Coru\u00f1a\" \/>\n<meta property=\"og:url\" content=\"https:\/\/altiemar.es\/gl\/sobre_nosotros\/\" \/>\n<meta property=\"og:site_name\" content=\"Altiemar\" \/>\n<meta property=\"article:modified_time\" content=\"2025-01-18T17:38:41+00:00\" \/>\n<meta property=\"og:image\" content=\"http:\/\/altiemar.es\/wp-content\/uploads\/2023\/11\/octopus-315285_1920.jpg\" \/>\n\t<meta property=\"og:image:width\" content=\"1920\" \/>\n\t<meta property=\"og:image:height\" content=\"1440\" \/>\n\t<meta property=\"og:image:type\" content=\"image\/jpeg\" \/>\n<meta name=\"twitter:card\" content=\"summary_large_image\" \/>\n<meta name=\"twitter:label1\" content=\"Tempo de lectura\" \/>\n\t<meta name=\"twitter:data1\" content=\"1 minuto\" \/>\n<script type=\"application\/ld+json\" class=\"yoast-schema-graph\">{\"@context\":\"https:\/\/schema.org\",\"@graph\":[{\"@type\":\"WebPage\",\"@id\":\"https:\/\/altiemar.es\/sobre_nosotros\/\",\"url\":\"https:\/\/altiemar.es\/sobre_nosotros\/\",\"name\":\"Sobre nosotros - Altiemar\",\"isPartOf\":{\"@id\":\"https:\/\/altiemar.es\/#website\"},\"datePublished\":\"2022-02-12T11:33:24+00:00\",\"dateModified\":\"2025-01-18T17:38:41+00:00\",\"description\":\"Congelados de calidad, m\u00e1xima excelencia para tu hogar, negocio o asociaci\u00f3n. Transportamos a toda la provincia de A Coru\u00f1a\",\"breadcrumb\":{\"@id\":\"https:\/\/altiemar.es\/sobre_nosotros\/#breadcrumb\"},\"inLanguage\":\"gl-ES\",\"potentialAction\":[{\"@type\":\"ReadAction\",\"target\":[\"https:\/\/altiemar.es\/sobre_nosotros\/\"]}]},{\"@type\":\"BreadcrumbList\",\"@id\":\"https:\/\/altiemar.es\/sobre_nosotros\/#breadcrumb\",\"itemListElement\":[{\"@type\":\"ListItem\",\"position\":1,\"name\":\"Portada\",\"item\":\"https:\/\/altiemar.es\/\"},{\"@type\":\"ListItem\",\"position\":2,\"name\":\"Sobre nosotros\"}]},{\"@type\":\"WebSite\",\"@id\":\"https:\/\/altiemar.es\/#website\",\"url\":\"https:\/\/altiemar.es\/\",\"name\":\"Altiemar\",\"description\":\"\",\"publisher\":{\"@id\":\"https:\/\/altiemar.es\/#organization\"},\"potentialAction\":[{\"@type\":\"SearchAction\",\"target\":{\"@type\":\"EntryPoint\",\"urlTemplate\":\"https:\/\/altiemar.es\/?s={search_term_string}\"},\"query-input\":\"required name=search_term_string\"}],\"inLanguage\":\"gl-ES\"},{\"@type\":\"Organization\",\"@id\":\"https:\/\/altiemar.es\/#organization\",\"name\":\"Congelados Terra do Xallas, SLU.\",\"url\":\"https:\/\/altiemar.es\/\",\"logo\":{\"@type\":\"ImageObject\",\"inLanguage\":\"gl-ES\",\"@id\":\"https:\/\/altiemar.es\/#\/schema\/logo\/image\/\",\"url\":\"https:\/\/altiemar.es\/wp-content\/uploads\/2020\/12\/neve-vacation-logo-1.png\",\"contentUrl\":\"https:\/\/altiemar.es\/wp-content\/uploads\/2020\/12\/neve-vacation-logo-1.png\",\"width\":200,\"height\":235,\"caption\":\"Congelados Terra do Xallas, SLU.\"},\"image\":{\"@id\":\"https:\/\/altiemar.es\/#\/schema\/logo\/image\/\"}}]}<\/script>\n<!-- \/ Yoast SEO plugin. -->","yoast_head_json":{"title":"Sobre nosotros - Altiemar","description":"Congelados de calidad, m\u00e1xima excelencia para tu hogar, negocio o asociaci\u00f3n. Transportamos a toda la provincia de A Coru\u00f1a","robots":{"index":"index","follow":"follow","max-snippet":"max-snippet:-1","max-image-preview":"max-image-preview:large","max-video-preview":"max-video-preview:-1"},"canonical":"https:\/\/altiemar.es\/gl\/sobre_nosotros\/","og_locale":"gl_ES","og_type":"article","og_title":"Sobre nosotros - Altiemar","og_description":"Congelados de calidad, m\u00e1xima excelencia para tu hogar, negocio o asociaci\u00f3n. Transportamos a toda la provincia de A Coru\u00f1a","og_url":"https:\/\/altiemar.es\/gl\/sobre_nosotros\/","og_site_name":"Altiemar","article_modified_time":"2025-01-18T17:38:41+00:00","og_image":[{"width":1920,"height":1440,"url":"http:\/\/altiemar.es\/wp-content\/uploads\/2023\/11\/octopus-315285_1920.jpg","type":"image\/jpeg"}],"twitter_card":"summary_large_image","twitter_misc":{"Tempo de lectura":"1 minuto"},"schema":{"@context":"https:\/\/schema.org","@graph":[{"@type":"WebPage","@id":"https:\/\/altiemar.es\/sobre_nosotros\/","url":"https:\/\/altiemar.es\/sobre_nosotros\/","name":"Sobre nosotros - Altiemar","isPartOf":{"@id":"https:\/\/altiemar.es\/#website"},"datePublished":"2022-02-12T11:33:24+00:00","dateModified":"2025-01-18T17:38:41+00:00","description":"Congelados de calidad, m\u00e1xima excelencia para tu hogar, negocio o asociaci\u00f3n. Transportamos a toda la provincia de A Coru\u00f1a","breadcrumb":{"@id":"https:\/\/altiemar.es\/sobre_nosotros\/#breadcrumb"},"inLanguage":"gl-ES","potentialAction":[{"@type":"ReadAction","target":["https:\/\/altiemar.es\/sobre_nosotros\/"]}]},{"@type":"BreadcrumbList","@id":"https:\/\/altiemar.es\/sobre_nosotros\/#breadcrumb","itemListElement":[{"@type":"ListItem","position":1,"name":"Portada","item":"https:\/\/altiemar.es\/"},{"@type":"ListItem","position":2,"name":"Sobre nosotros"}]},{"@type":"WebSite","@id":"https:\/\/altiemar.es\/#website","url":"https:\/\/altiemar.es\/","name":"Altiemar","description":"","publisher":{"@id":"https:\/\/altiemar.es\/#organization"},"potentialAction":[{"@type":"SearchAction","target":{"@type":"EntryPoint","urlTemplate":"https:\/\/altiemar.es\/?s={search_term_string}"},"query-input":"required name=search_term_string"}],"inLanguage":"gl-ES"},{"@type":"Organization","@id":"https:\/\/altiemar.es\/#organization","name":"Congelados Terra do Xallas, SLU.","url":"https:\/\/altiemar.es\/","logo":{"@type":"ImageObject","inLanguage":"gl-ES","@id":"https:\/\/altiemar.es\/#\/schema\/logo\/image\/","url":"https:\/\/altiemar.es\/wp-content\/uploads\/2020\/12\/neve-vacation-logo-1.png","contentUrl":"https:\/\/altiemar.es\/wp-content\/uploads\/2020\/12\/neve-vacation-logo-1.png","width":200,"height":235,"caption":"Congelados Terra do Xallas, SLU."},"image":{"@id":"https:\/\/altiemar.es\/#\/schema\/logo\/image\/"}}]}},"_links":{"self":[{"href":"https:\/\/altiemar.es\/gl\/wp-json\/wp\/v2\/pages\/596"}],"collection":[{"href":"https:\/\/altiemar.es\/gl\/wp-json\/wp\/v2\/pages"}],"about":[{"href":"https:\/\/altiemar.es\/gl\/wp-json\/wp\/v2\/types\/page"}],"author":[{"embeddable":true,"href":"https:\/\/altiemar.es\/gl\/wp-json\/wp\/v2\/users\/1"}],"replies":[{"embeddable":true,"href":"https:\/\/altiemar.es\/gl\/wp-json\/wp\/v2\/comments?post=596"}],"version-history":[{"count":8,"href":"https:\/\/altiemar.es\/gl\/wp-json\/wp\/v2\/pages\/596\/revisions"}],"predecessor-version":[{"id":715,"href":"https:\/\/altiemar.es\/gl\/wp-json\/wp\/v2\/pages\/596\/revisions\/715"}],"wp:featuredmedia":[{"embeddable":true,"href":"https:\/\/altiemar.es\/gl\/wp-json\/wp\/v2\/media\/657"}],"wp:attachment":[{"href":"https:\/\/altiemar.es\/gl\/wp-json\/wp\/v2\/media?parent=596"}],"curies":[{"name":"wp","href":"https:\/\/api.w.org\/{rel}","templated":true}]}}