{"id":3,"date":"2023-11-03T16:15:10","date_gmt":"2023-11-03T15:15:10","guid":{"rendered":"http:\/\/altiemar.es\/?page_id=3"},"modified":"2023-11-24T18:44:46","modified_gmt":"2023-11-24T17:44:46","slug":"politica_privacidad","status":"publish","type":"page","link":"https:\/\/altiemar.es\/gl\/politica_privacidad\/","title":{"rendered":"Pol\u00edtica de Privacidade"},"content":{"rendered":"<div data-elementor-type=\"wp-page\" data-elementor-id=\"3\" class=\"elementor elementor-3\">\n\t\t\t\t<div class=\"elementor-element elementor-element-31a8e353 e-flex e-con-boxed e-con e-parent\" data-id=\"31a8e353\" data-element_type=\"container\">\n\t\t\t\t\t<div class=\"e-con-inner\">\n\t\t\t\t<div class=\"elementor-element elementor-element-24e793ba elementor-widget elementor-widget-text-editor\" data-id=\"24e793ba\" data-element_type=\"widget\" data-widget_type=\"text-editor.default\">\n\t\t\t\t<div class=\"elementor-widget-container\">\n\t\t\t\t\t\t\t\t\t<p><\/p>\n<h2 class=\"wp-block-heading\">Aviso Legal<\/h2>\n<p><\/p>\n<div data-element-type=\"paragraph\">\n<div><b>Denominaci\u00f3n social:<\/b> Congelados Terra do Xallas, SLU.<\/div>\n<div><b>C.I.F.: <\/b>B15854110&nbsp;<\/div>\n<div><b>Domicilio social:<\/b> Crta. Santa Comba a Muros, km-59, cuatro vientos 15840 Santa Comba, A Coru\u00f1a<\/div>\n<div><b>Tel\u00e9fono:<\/b> 981 896 762<\/div>\n<div><b>Correo electr\u00f3nico a efectos de comunicaci\u00f3n<\/b>: congeladosterradoxallas@yahoo.es<\/div>\n<div>&nbsp;<\/div>\n<\/div>\n<div>\n<div>\n<div>\n<div>Se le informa que los datos personales que nos facilite voluntariamente, ser\u00e1n tratados por Congelados Terra do Xallas, SLU. con domicilio en Crta. Santa Comba a Muros, km-59, cuatro vientos 15840 Santa Comba, A Coru\u00f1a&nbsp;(Espa\u00f1a), que cumple con las medidas de seguridad exigidas en la legislaci\u00f3n vigente en materia de Protecci\u00f3n de Datos de Car\u00e1cter Personal. La finalidad del dicho tratamiento es la descrita en cada uno de los formularios establecidos en la p\u00e1gina web en el que Usted nos facilit\u00f3 sus datos.&nbsp; Los datos facilitados no ser\u00e1n cedidos a terceros salvo en los casos en que exista una obligaci\u00f3n legal, y se conservar\u00e1n durante el tiempo necesario para atender su solicitud, siempre y cuando no nos indique el contrario ejerciendo su derecho de supresi\u00f3n, o durante el tiempo necesario para cumplir con las obligaciones legales y atender las posibles responsabilidades que pudieran derivar del cumplimiento de la finalidad para la que los datos fueron solicitados. Congelados Terra do Xallas, SLU. no elaborar\u00e1 ning\u00fan tipo de \u201cperfil\u201d, en base a la informaci\u00f3n facilitada. No se tomar\u00e1n decisiones automatizadas en base a perfiles. Asimismo, Congelados Terra do Xallas, SLU. cancelar\u00e1 o rectificar\u00e1 los datos cuando resulten inexactos, incompletos o dejaran de ser necesarios para su finalidad, de conformidad con el previsto en la legislaci\u00f3n vigente en materia de Protecci\u00f3n de Datos de Car\u00e1cter Personal. Mientras no nos comunique el contrario, entenderemos que sus datos no fueron modificados, que usted se compromete a notificarnos cualquier variaci\u00f3n y que tenemos el consentimiento para utilizarlos el fin de poder fidelizar la relaci\u00f3n entre las partes. El usuario podr\u00e1 ejercer los derechos de acceso, rectificaci\u00f3n, supresi\u00f3n, oposici\u00f3n, limitaci\u00f3n del tratamiento, portabilidade de datos y la no ser objeto de decisiones individualizadas automatizadas, en relaci\u00f3n con los datos objeto del tratamiento, ante lo responsable del tratamiento en la direcci\u00f3n anteriormente mencionada, o por correo electr\u00f3nico a congeladosterradoxallas@yahoo.es, acercando copia de su DNI o documento equivalente, o directamente ante lo delegado de protecci\u00f3n de datos. En caso de que no obtuviera satisfacci\u00f3n en el ejercicio de sus derechos, podr\u00e1 presentar una reclamaci\u00f3n ante la Autoridad de Control en materia Protecci\u00f3n de Datos competente, siendo esta la Agencia Espa\u00f1ola de Protecci\u00f3n de Datos, y cuyos datos de contacto est\u00e1n accesibles en&nbsp;<a href=\"https:\/\/sedeagpd.gob.es\/sed-electronica-web\/vistas\/formNuevaReclamacion\/reclamacion.jsf.\">https:\/\/sedeagpd.gob.es\/sed-electronica-web\/vistas\/formNuevaReclamacion\/reclamacion.jsf.<\/a><\/div>\n<div>&nbsp;<\/div>\n<div>Congelados Terra do Xallas, SLU. adopta las medidas t\u00e9cnicas, controles y procedimientos de car\u00e1cter f\u00edsico, organizativo y tecnol\u00f3gico, razonablemente fiables y efectivos, orientados a preservar la integridad y la seguridad de sus datos y garantizar su privacidad. Con todo, no asume ninguna responsabilidad por los da\u00f1os y perjuicios derivados de alteraciones que terceros puedan causar en los sistemas inform\u00e1ticos, documentos electr\u00f3nicos o ficheros del usuario. Adem\u00e1s, todo el personal con acceso a los datos personales fue formado y tiene conocimiento de sus obligaciones con relaci\u00f3n a los tratamientos de sus datos personales. En el caso de los contratos que suscribimos con nuestros proveedores incluimos cl\u00e1usulas en las que se les exige mantener el deber de secreto respecto a los datos de car\u00e1cter personal a los que tuvieran acceso en virtud del encargo realizado, as\u00ed como implantar las medidas de seguridad t\u00e9cnicas y organizativas necesarias para garantizar la confidencialidad, integridad, disponibilidad y resiliencia permanentes de los sistemas y servicios de tratamiento de los datos personales. Todas estas medidas de seguridad son revisadas de forma peri\u00f3dica para garantizar su adecuaci\u00f3n y efectividad. Con todo, la seguridad absoluta no se puede garantizar y no existe ning\u00fan sistema de seguridad que sea impenetrable por lo que, en el caso de cualquier informaci\u00f3n objeto de tratamiento y bajo nuestro control se vise comprometida a consecuencia de una brecha de seguridad, tomaremos las medidas adecuadas para investigar el incidente, notificarlo a la Autoridad de Control y, en su caso, la aquellos usuarios que se pudieron ver afectados para que tomen las medidas adecuadas. De acuerdo con el que establece la Ley 34\/2002, de Servicios de la Sociedad de la Informaci\u00f3n y el Comercio Electr\u00f3nico en su art\u00edculo 21, solicitaremos su consentimiento para poder realizar comunicaciones publicitarias que consideremos puedan ser de su inter\u00e9s, por correo electr\u00f3nico o por cualquier otro medio de comunicaci\u00f3n electr\u00f3nica equivalente. En el caso de autorizar el env\u00edo de informaci\u00f3n \/ publicidad y no desee seguir recibiendo m\u00e1s informaci\u00f3n al respecto, usted tiene derecho a oponerse y\/o retirar dicho consentimiento, en cualquier momento, mediante notificaci\u00f3n por escrito o mediante correo electr\u00f3nico en la\/ s direcci\u00f3n\/es anteriormente indicada\/s.<\/div>\n<\/div>\n<\/div>\n<\/div>\n<p><\/p>\t\t\t\t\t\t\t\t<\/div>\n\t\t\t\t<\/div>\n\t\t\t\t\t<\/div>\n\t\t\t\t<\/div>\n\t\t\t\t<\/div>","protected":false},"excerpt":{"rendered":"<p>Aviso Legal Denominaci\u00f3n social: Congelados Terra do Xallas, SLU. C.I.F.: B15854110&nbsp; Domicilio social: Crta. Santa Comba a Muros, km-59, cuatro vientos 15840 Santa Comba, A Coru\u00f1a Tel\u00e9fono: 981 896 762 Correo electr\u00f3nico a efectos de comunicaci\u00f3n: congeladosterradoxallas@yahoo.es &nbsp; Se le informa que los datos personales que nos facilite voluntariamente, ser\u00e1n tratados por Congelados Terra do&hellip;&nbsp;<\/p>\n<div class=\"read-more-wrapper\"><a href=\"https:\/\/altiemar.es\/gl\/politica_privacidad\/\" class=\"button button-primary\" rel=\"bookmark\">Read More<span class=\"screen-reader-text\">Pol\u00edtica de Privacidade<\/span><\/a><\/div>","protected":false},"author":1,"featured_media":0,"parent":0,"menu_order":0,"comment_status":"closed","ping_status":"closed","template":"","meta":{"neve_meta_sidebar":"","neve_meta_container":"","neve_meta_enable_content_width":"","neve_meta_content_width":0,"neve_meta_title_alignment":"","neve_meta_author_avatar":"","neve_post_elements_order":"","neve_meta_disable_header":"","neve_meta_disable_footer":"","neve_meta_disable_title":"","neve_meta_reading_time":"","_ti_tpc_template_sync":false,"_ti_tpc_template_id":"","footnotes":""},"yoast_head":"<!-- This site is optimized with the Yoast SEO plugin v21.5 - https:\/\/yoast.com\/wordpress\/plugins\/seo\/ -->\n<title>Pol\u00edtica de privacidad - Altiemar<\/title>\n<meta name=\"robots\" content=\"index, follow, max-snippet:-1, max-image-preview:large, max-video-preview:-1\" \/>\n<link rel=\"canonical\" href=\"https:\/\/altiemar.es\/gl\/politica_privacidad\/\" \/>\n<meta property=\"og:locale\" content=\"gl_ES\" \/>\n<meta property=\"og:type\" content=\"article\" \/>\n<meta property=\"og:title\" content=\"Pol\u00edtica de privacidad - Altiemar\" \/>\n<meta property=\"og:description\" content=\"Aviso Legal Denominaci\u00f3n social: Congelados Terra do Xallas, SLU. C.I.F.: B15854110&nbsp; Domicilio social: Crta. Santa Comba a Muros, km-59, cuatro vientos 15840 Santa Comba, A Coru\u00f1a Tel\u00e9fono: 981 896 762 Correo electr\u00f3nico a efectos de comunicaci\u00f3n: congeladosterradoxallas@yahoo.es &nbsp; Se le informa que los datos personales que nos facilite voluntariamente, ser\u00e1n tratados por Congelados Terra do&hellip;&nbsp;Read MorePol\u00edtica de privacidad\" \/>\n<meta property=\"og:url\" content=\"https:\/\/altiemar.es\/gl\/politica_privacidad\/\" \/>\n<meta property=\"og:site_name\" content=\"Altiemar\" \/>\n<meta property=\"article:modified_time\" content=\"2023-11-24T17:44:46+00:00\" \/>\n<meta name=\"twitter:card\" content=\"summary_large_image\" \/>\n<meta name=\"twitter:label1\" content=\"Tempo de lectura\" \/>\n\t<meta name=\"twitter:data1\" content=\"4 minutos\" \/>\n<script type=\"application\/ld+json\" class=\"yoast-schema-graph\">{\"@context\":\"https:\/\/schema.org\",\"@graph\":[{\"@type\":\"WebPage\",\"@id\":\"https:\/\/altiemar.es\/politica_privacidad\/\",\"url\":\"https:\/\/altiemar.es\/politica_privacidad\/\",\"name\":\"Pol\u00edtica de privacidad - Altiemar\",\"isPartOf\":{\"@id\":\"https:\/\/altiemar.es\/#website\"},\"datePublished\":\"2023-11-03T15:15:10+00:00\",\"dateModified\":\"2023-11-24T17:44:46+00:00\",\"breadcrumb\":{\"@id\":\"https:\/\/altiemar.es\/politica_privacidad\/#breadcrumb\"},\"inLanguage\":\"gl-ES\",\"potentialAction\":[{\"@type\":\"ReadAction\",\"target\":[\"https:\/\/altiemar.es\/politica_privacidad\/\"]}]},{\"@type\":\"BreadcrumbList\",\"@id\":\"https:\/\/altiemar.es\/politica_privacidad\/#breadcrumb\",\"itemListElement\":[{\"@type\":\"ListItem\",\"position\":1,\"name\":\"Portada\",\"item\":\"https:\/\/altiemar.es\/\"},{\"@type\":\"ListItem\",\"position\":2,\"name\":\"Pol\u00edtica de privacidad\"}]},{\"@type\":\"WebSite\",\"@id\":\"https:\/\/altiemar.es\/#website\",\"url\":\"https:\/\/altiemar.es\/\",\"name\":\"Altiemar\",\"description\":\"\",\"publisher\":{\"@id\":\"https:\/\/altiemar.es\/#organization\"},\"potentialAction\":[{\"@type\":\"SearchAction\",\"target\":{\"@type\":\"EntryPoint\",\"urlTemplate\":\"https:\/\/altiemar.es\/?s={search_term_string}\"},\"query-input\":\"required name=search_term_string\"}],\"inLanguage\":\"gl-ES\"},{\"@type\":\"Organization\",\"@id\":\"https:\/\/altiemar.es\/#organization\",\"name\":\"Congelados Terra do Xallas, SLU.\",\"url\":\"https:\/\/altiemar.es\/\",\"logo\":{\"@type\":\"ImageObject\",\"inLanguage\":\"gl-ES\",\"@id\":\"https:\/\/altiemar.es\/#\/schema\/logo\/image\/\",\"url\":\"https:\/\/altiemar.es\/wp-content\/uploads\/2020\/12\/neve-vacation-logo-1.png\",\"contentUrl\":\"https:\/\/altiemar.es\/wp-content\/uploads\/2020\/12\/neve-vacation-logo-1.png\",\"width\":200,\"height\":235,\"caption\":\"Congelados Terra do Xallas, SLU.\"},\"image\":{\"@id\":\"https:\/\/altiemar.es\/#\/schema\/logo\/image\/\"}}]}<\/script>\n<!-- \/ Yoast SEO plugin. -->","yoast_head_json":{"title":"Pol\u00edtica de privacidad - Altiemar","robots":{"index":"index","follow":"follow","max-snippet":"max-snippet:-1","max-image-preview":"max-image-preview:large","max-video-preview":"max-video-preview:-1"},"canonical":"https:\/\/altiemar.es\/gl\/politica_privacidad\/","og_locale":"gl_ES","og_type":"article","og_title":"Pol\u00edtica de privacidad - Altiemar","og_description":"Aviso Legal Denominaci\u00f3n social: Congelados Terra do Xallas, SLU. C.I.F.: B15854110&nbsp; Domicilio social: Crta. Santa Comba a Muros, km-59, cuatro vientos 15840 Santa Comba, A Coru\u00f1a Tel\u00e9fono: 981 896 762 Correo electr\u00f3nico a efectos de comunicaci\u00f3n: congeladosterradoxallas@yahoo.es &nbsp; Se le informa que los datos personales que nos facilite voluntariamente, ser\u00e1n tratados por Congelados Terra do&hellip;&nbsp;Read MorePol\u00edtica de privacidad","og_url":"https:\/\/altiemar.es\/gl\/politica_privacidad\/","og_site_name":"Altiemar","article_modified_time":"2023-11-24T17:44:46+00:00","twitter_card":"summary_large_image","twitter_misc":{"Tempo de lectura":"4 minutos"},"schema":{"@context":"https:\/\/schema.org","@graph":[{"@type":"WebPage","@id":"https:\/\/altiemar.es\/politica_privacidad\/","url":"https:\/\/altiemar.es\/politica_privacidad\/","name":"Pol\u00edtica de privacidad - Altiemar","isPartOf":{"@id":"https:\/\/altiemar.es\/#website"},"datePublished":"2023-11-03T15:15:10+00:00","dateModified":"2023-11-24T17:44:46+00:00","breadcrumb":{"@id":"https:\/\/altiemar.es\/politica_privacidad\/#breadcrumb"},"inLanguage":"gl-ES","potentialAction":[{"@type":"ReadAction","target":["https:\/\/altiemar.es\/politica_privacidad\/"]}]},{"@type":"BreadcrumbList","@id":"https:\/\/altiemar.es\/politica_privacidad\/#breadcrumb","itemListElement":[{"@type":"ListItem","position":1,"name":"Portada","item":"https:\/\/altiemar.es\/"},{"@type":"ListItem","position":2,"name":"Pol\u00edtica de privacidad"}]},{"@type":"WebSite","@id":"https:\/\/altiemar.es\/#website","url":"https:\/\/altiemar.es\/","name":"Altiemar","description":"","publisher":{"@id":"https:\/\/altiemar.es\/#organization"},"potentialAction":[{"@type":"SearchAction","target":{"@type":"EntryPoint","urlTemplate":"https:\/\/altiemar.es\/?s={search_term_string}"},"query-input":"required name=search_term_string"}],"inLanguage":"gl-ES"},{"@type":"Organization","@id":"https:\/\/altiemar.es\/#organization","name":"Congelados Terra do Xallas, SLU.","url":"https:\/\/altiemar.es\/","logo":{"@type":"ImageObject","inLanguage":"gl-ES","@id":"https:\/\/altiemar.es\/#\/schema\/logo\/image\/","url":"https:\/\/altiemar.es\/wp-content\/uploads\/2020\/12\/neve-vacation-logo-1.png","contentUrl":"https:\/\/altiemar.es\/wp-content\/uploads\/2020\/12\/neve-vacation-logo-1.png","width":200,"height":235,"caption":"Congelados Terra do Xallas, SLU."},"image":{"@id":"https:\/\/altiemar.es\/#\/schema\/logo\/image\/"}}]}},"_links":{"self":[{"href":"https:\/\/altiemar.es\/gl\/wp-json\/wp\/v2\/pages\/3"}],"collection":[{"href":"https:\/\/altiemar.es\/gl\/wp-json\/wp\/v2\/pages"}],"about":[{"href":"https:\/\/altiemar.es\/gl\/wp-json\/wp\/v2\/types\/page"}],"author":[{"embeddable":true,"href":"https:\/\/altiemar.es\/gl\/wp-json\/wp\/v2\/users\/1"}],"replies":[{"embeddable":true,"href":"https:\/\/altiemar.es\/gl\/wp-json\/wp\/v2\/comments?post=3"}],"version-history":[{"count":6,"href":"https:\/\/altiemar.es\/gl\/wp-json\/wp\/v2\/pages\/3\/revisions"}],"predecessor-version":[{"id":706,"href":"https:\/\/altiemar.es\/gl\/wp-json\/wp\/v2\/pages\/3\/revisions\/706"}],"wp:attachment":[{"href":"https:\/\/altiemar.es\/gl\/wp-json\/wp\/v2\/media?parent=3"}],"curies":[{"name":"wp","href":"https:\/\/api.w.org\/{rel}","templated":true}]}}